{"id":12,"date":"2006-12-06T15:08:36","date_gmt":"2006-12-06T23:08:36","guid":{"rendered":"http:\/\/www.robotic-lab.com\/blog\/contactar\/"},"modified":"2021-10-01T08:50:14","modified_gmt":"2021-10-01T16:50:14","slug":"contactar","status":"publish","type":"page","link":"https:\/\/www.robotic-lab.com\/blog\/contactar\/","title":{"rendered":"Contactar"},"content":{"rendered":"<p style=\"text-align: center;\"><img loading=\"lazy\" decoding=\"async\" class=\"aligncenter size-large\" src=\"http:\/\/www.robotic-lab.com\/blog\/uploads\/2006\/12\/logo_grande.jpg\" alt=\"\" width=\"550\" height=\"374\" \/><\/p>\n<p style=\"text-align: center;\"><strong>Puede ponerse en contacto con nosotros a trav\u00e9s del correo:<\/strong><\/p>\n<h2 style=\"text-align: center;\"><a href=\"mailto:info@robotic-lab.com\">info@robotic-lab.com<\/a><\/h2>\n<p style=\"text-align: center;\">Tambi\u00e9n a trav\u00e9s de nuestras p\u00e1ginas en REDES SOCIALES:<\/p>\n<p style=\"text-align: center;\"><strong>FACEBOOK<\/strong>:\u00a0<a href=\"https:\/\/www.facebook.com\/RoboticLab\">www.facebook.com\/RoboticLab<\/a><\/p>\n<p style=\"text-align: center;\"><strong>TWITTER<\/strong>: <a href=\"https:\/\/www.twitter.com\/RoboticLab\">www.twitter.com\/RoboticLab<\/a><\/p>\n<p style=\"text-align: center;\"><img loading=\"lazy\" decoding=\"async\" class=\"alignnone size-full\" src=\"https:\/\/mundo-digital.net\/image.jpg\" width=\"500\" height=\"50\" \/><\/p>\n","protected":false},"excerpt":{"rendered":"<p>Puede ponerse en contacto con nosotros a trav\u00e9s del correo: info@robotic-lab.com Tambi\u00e9n a trav\u00e9s de nuestras p\u00e1ginas en REDES SOCIALES: FACEBOOK:\u00a0www.facebook.com\/RoboticLab TWITTER: www.twitter.com\/RoboticLab<\/p>\n","protected":false},"author":1,"featured_media":0,"parent":0,"menu_order":2,"comment_status":"closed","ping_status":"closed","template":"","meta":{"footnotes":""},"class_list":["post-12","page","type-page","status-publish","hentry"],"jetpack_shortlink":"https:\/\/wp.me\/P1YYAx-c","jetpack_sharing_enabled":false,"jetpack-related-posts":[],"_links":{"self":[{"href":"https:\/\/www.robotic-lab.com\/blog\/wp-json\/wp\/v2\/pages\/12","targetHints":{"allow":["GET"]}}],"collection":[{"href":"https:\/\/www.robotic-lab.com\/blog\/wp-json\/wp\/v2\/pages"}],"about":[{"href":"https:\/\/www.robotic-lab.com\/blog\/wp-json\/wp\/v2\/types\/page"}],"author":[{"embeddable":true,"href":"https:\/\/www.robotic-lab.com\/blog\/wp-json\/wp\/v2\/users\/1"}],"replies":[{"embeddable":true,"href":"https:\/\/www.robotic-lab.com\/blog\/wp-json\/wp\/v2\/comments?post=12"}],"version-history":[{"count":13,"href":"https:\/\/www.robotic-lab.com\/blog\/wp-json\/wp\/v2\/pages\/12\/revisions"}],"predecessor-version":[{"id":2905,"href":"https:\/\/www.robotic-lab.com\/blog\/wp-json\/wp\/v2\/pages\/12\/revisions\/2905"}],"wp:attachment":[{"href":"https:\/\/www.robotic-lab.com\/blog\/wp-json\/wp\/v2\/media?parent=12"}],"curies":[{"name":"wp","href":"https:\/\/api.w.org\/{rel}","templated":true}]}}